{"id":747,"date":"2021-06-28T14:56:12","date_gmt":"2021-06-28T12:56:12","guid":{"rendered":"https:\/\/www.bio-uv.com\/shareholders-club\/"},"modified":"2023-02-09T12:12:36","modified_gmt":"2023-02-09T11:12:36","slug":"shareholders-club","status":"publish","type":"page","link":"https:\/\/www.bio-uv.com\/en\/shareholders-club\/","title":{"rendered":"Shareholders Club"},"content":{"rendered":"<section class=\"ps-block ps-block--paragraph js-in-view is-animated\">\n  <div class=\"ps-block__container\">\n    <div class=\"ps-block__grid\">\n      <div class=\"ps-block__content\">\n        <div class=\"ps-block__body\">\n          <div class=\"ps-block__item\">\n            \n<p>BIO-UV Group&#8217;s Shareholders&#8217; Club, open to all shareholders holding one share or more, aims to <strong>foster better knowledge of the company, its business and its strategy by shareholders<\/strong>. It also offers its members a number of benefits. <\/p>\n\n          <\/div>\n        <\/div>\n      <\/div>\n    <\/div>\n  <\/div>\n<\/section>\n\n\n<section class=\"ps-block ps-block--paragraph js-in-view is-animated\">\n  <div class=\"ps-block__container\">\n    <div class=\"ps-block__grid\">\n      <div class=\"ps-block__content\">\n        <div class=\"ps-block__body\">\n          <div class=\"ps-block__item\">\n            \n<p>The BIO-UV Group Shareholders&#8217; Club allows you to :<\/p>\n\n          <\/div>\n        <\/div>\n      <\/div>\n    <\/div>\n  <\/div>\n<\/section>\n\n\n<section class=\"ps-block ps-block--list\">\n  <div class=\"ps-block__container\">\n    <div class=\"ps-block__grid\">\n      <div class=\"ps-block__content\">\n        <ul>\n                      \n<li>Receive Bio-UV&#8217;s financial information by email in real time: press releases, letters to shareholders, annual reports, etc.<\/li>\n\n                      \n<li>Receive by email all the documentation relating to general meetings.<\/li>\n\n                      \n<li>Meet the company&#8217;s managers, during information meetings (annual general meeting, shareholders&#8217; meeting reserved for members of the Shareholders&#8217; Club, etc.) intended to inform you about the company&#8217;s news, its results, and its development.<\/li>\n\n                      \n<li>Be invited to privileged events (site visit, demonstrations, etc.).<\/li>\n\n                      \n<li>And many more benefits to come.<\/li>\n\n                  <\/ul>\n      <\/div>\n    <\/div>\n  <\/div>\n<\/section>\n\n\n<section class=\"ps-block ps-block--heading js-in-view is-animated\">\n  <div class=\"ps-block__container\">\n    <div class=\"ps-block__grid\">\n      <div class=\"ps-block__content\">\n        <div class=\"ps-block__body\">\n          <div class=\"ps-block__item\">\n            \n<h2>Join the BIO-UV Group Shareholders&#8217; Club<\/h2>\n\n          <\/div>\n        <\/div>\n      <\/div>\n    <\/div>\n  <\/div>\n<\/section>\n\n\n<section class=\"ps-block ps-block--paragraph js-in-view is-animated\">\n  <div class=\"ps-block__container\">\n    <div class=\"ps-block__grid\">\n      <div class=\"ps-block__content\">\n        <div class=\"ps-block__body\">\n          <div class=\"ps-block__item\">\n            \n<p>Would you like to join the BIO-UV Group Shareholders&#8217; Club and benefit from the advantages reserved for its members? To do so, please read the membership conditions, fill in the form below and send us your proof of shareholding.<\/p>\n\n          <\/div>\n        <\/div>\n      <\/div>\n    <\/div>\n  <\/div>\n<\/section>\n\n\n<section class=\"ps-block ps-block--buttons js-in-view is-animated\">\n  <div class=\"ps-block__container\">\n    <div class=\"ps-block__grid\">\n      <div class=\"ps-block__content\">\n        <div class=\"button-group\">\n                  <a href=\"https:\/\/www.bio-uv.com\/en\/club-membership-form\" class=\"button \" target=\"\">\n            <span>Membership Application Form<\/span>\n          <\/a>\n                <\/div>\n      <\/div>\n    <\/div>\n  <\/div>\n<\/section>\n\n\n<section class=\"ps-block ps-block--paragraph js-in-view is-animated\">\n  <div class=\"ps-block__container\">\n    <div class=\"ps-block__grid\">\n      <div class=\"ps-block__content\">\n        <div class=\"ps-block__body\">\n          <div class=\"ps-block__item\">\n            \n<p><strong>Club membership is free and valid as long as the Club member meets the membership requirements<\/strong>.<\/p>\n\n          <\/div>\n        <\/div>\n      <\/div>\n    <\/div>\n  <\/div>\n<\/section>\n\n\n<section class=\"ps-block ps-block--paragraph js-in-view is-animated\">\n  <div class=\"ps-block__container\">\n    <div class=\"ps-block__grid\">\n      <div class=\"ps-block__content\">\n        <div class=\"ps-block__body\">\n          <div class=\"ps-block__item\">\n            \n<p><strong>The mandatory condition to become a member of the Club is to hold at least one BIO-UV Group share, in registered or bearer form<\/strong>. Proof of ownership provided by your financial intermediary must be sent to the Shareholder Relations Department when you register or by email to ClubActionnaires@bio-uv.com or by post to BIO-UV &#8211; Shareholder Relations &#8211; 850 avenue Louis M\u00e9dard &#8211; 34400 LUNEL &#8211; France.<\/p>\n\n          <\/div>\n        <\/div>\n      <\/div>\n    <\/div>\n  <\/div>\n<\/section>\n\n\n<section class=\"ps-block ps-block--paragraph js-in-view is-animated\">\n  <div class=\"ps-block__container\">\n    <div class=\"ps-block__grid\">\n      <div class=\"ps-block__content\">\n        <div class=\"ps-block__body\">\n          <div class=\"ps-block__item\">\n            \n<p>You can also contact our shareholder relations team at : +33 (0)1 53 67 36 92.<\/p>\n\n          <\/div>\n        <\/div>\n      <\/div>\n    <\/div>\n  <\/div>\n<\/section>\n\n\n  <section class=\"ps-block ps-block--docs js-in-view is-animated\">\n  <div class=\"ps-block__container\">\n    <div class=\"ps-block__grid\">\n      <div class=\"ps-block__content\">\n                  <h3 class=\"ps-block__title\">Terms of membership<\/h3>\n                <ul class=\"ps-block__body\">\n                      <div class=\"ps-block__item\">\n              <div class=\"doc\">\n                <div class=\"doc__header\">\n                  <span class=\"doc__title\">Membership conditions document (in french only)<\/span>\n                  <div class=\"doc__metas\">\n                    <span class=\"doc__type\">pdf<\/span> <span class=\"doc__size\">72.12 KB<\/span>\n                  <\/div>\n                <\/div>\n                <ul class=\"doc__actions\">\n                  <li class=\"doc__action\">\n                    <a href=\"https:\/\/www.bio-uv.com\/app\/uploads\/2021\/06\/biouv-club-actionnaires-reglement.pdf\" class=\"doc__link doc__link--see\" target=\"_blank\">\n                      See the file\n                    <\/a>\n                  <\/li>\n                  <li class=\"doc__action\">\n                    <a href=\"https:\/\/www.bio-uv.com\/app\/uploads\/2021\/06\/biouv-club-actionnaires-reglement.pdf\" class=\"doc__link doc__link--dl\" download>\n                      Download\n                    <\/a>\n                  <\/li>\n                <\/ul>\n              <\/div>\n            <\/div>\n                  <\/ul>\n      <\/div>\n    <\/div>\n  <\/div>\n<\/section>\n\n\n<section class=\"ps-block ps-block--internal-links js-in-view is-animated\">\n  <div class=\"ps-block__container\">\n    <div class=\"ps-block__grid\">\n      <div class=\"ps-block__content\">\n        <div class=\"ps-block__body\">\n                                <h3 class=\"ps-block__title\">To learn more<\/h3>\n                              <nav class=\"pages\">\n            <ul class=\"pages__list\">\n                                \n<li class=\"pages__item\">\n  <a href=\"https:\/\/www.bio-uv.com\/en\/financial-releases\/\" class=\"card card--small\">\n          <div class=\"card__thumb\">\n        <figure class=\"card__thumb \" itemprop=\"associatedMedia\" itemscope itemtype=\"http:\/\/schema.org\/ImageObject\">\n  <img loading=\"lazy\" decoding=\"async\" src=\"https:\/\/www.bio-uv.com\/app\/uploads\/2021\/09\/Documents-financiers-BIO-UV-Group-1280x640.jpg\"\n      srcset=\"https:\/\/www.bio-uv.com\/app\/uploads\/2021\/09\/Documents-financiers-BIO-UV-Group-1280x640.jpg 1920w\"\n      sizes=\"auto, \"\n      alt=\"Documents financiers BIO-UV Group\"\n      itemprop=\"thumbnail\"\n      width=\"1920\"\n      height=\"640\"\n  >\n  <\/figure>\n      <\/div>\n        <div class=\"card__content\">\n              <div class=\"card__heading\">\n          <span class=\"card__title\">Financial releases<\/span>\n        <\/div>\n          <\/div>\n  <\/a>\n<\/li>\n                                \n<li class=\"pages__item\">\n  <a href=\"https:\/\/www.bio-uv.com\/en\/financial-documents\/\" class=\"card card--small\">\n          <div class=\"card__thumb\">\n        <figure class=\"card__thumb \" itemprop=\"associatedMedia\" itemscope itemtype=\"http:\/\/schema.org\/ImageObject\">\n  <img loading=\"lazy\" decoding=\"async\" src=\"https:\/\/www.bio-uv.com\/app\/uploads\/2021\/09\/Communiques-financiers-BIO-UV-Group-1280x640.jpg\"\n      srcset=\"https:\/\/www.bio-uv.com\/app\/uploads\/2021\/09\/Communiques-financiers-BIO-UV-Group-1280x640.jpg 1920w\"\n      sizes=\"auto, \"\n      alt=\"Communiqu\u00e9s financiers BIO-UV Group\"\n      itemprop=\"thumbnail\"\n      width=\"1920\"\n      height=\"640\"\n  >\n  <\/figure>\n      <\/div>\n        <div class=\"card__content\">\n              <div class=\"card__heading\">\n          <span class=\"card__title\">Financial documents<\/span>\n        <\/div>\n          <\/div>\n  <\/a>\n<\/li>\n                                \n<li class=\"pages__item\">\n  <a href=\"https:\/\/www.bio-uv.com\/en\/general-assembly\/\" class=\"card card--small\">\n          <div class=\"card__thumb\">\n        <figure class=\"card__thumb \" itemprop=\"associatedMedia\" itemscope itemtype=\"http:\/\/schema.org\/ImageObject\">\n  <img loading=\"lazy\" decoding=\"async\" src=\"https:\/\/www.bio-uv.com\/app\/uploads\/2021\/10\/Assemblees-Generales-de-BIO-UV-1280x640.jpg\"\n      srcset=\"https:\/\/www.bio-uv.com\/app\/uploads\/2021\/10\/Assemblees-Generales-de-BIO-UV-1280x640.jpg 1920w\"\n      sizes=\"auto, \"\n      alt=\"Assembl\u00e9es G\u00e9n\u00e9rales de BIO-UV\"\n      itemprop=\"thumbnail\"\n      width=\"1920\"\n      height=\"640\"\n  >\n  <\/figure>\n      <\/div>\n        <div class=\"card__content\">\n              <div class=\"card__heading\">\n          <span class=\"card__title\">BIO-UV Group General Meetings<\/span>\n        <\/div>\n          <\/div>\n  <\/a>\n<\/li>\n                          <\/ul>\n          <\/nav>\n        <\/div>\n      <\/div>\n    <\/div>\n  <\/div>\n<\/section>\n","protected":false},"excerpt":{"rendered":"<p>BIO-UV Group&#8217;s Shareholders&#8217; Club, open to all shareholders holding one share or more, aims to foster better knowledge of the company, its business and its strategy by shareholders. It also offers its members a number of benefits. The BIO-UV Group Shareholders&#8217; Club allows you to : Join the BIO-UV Group Shareholders&#8217; Club Would you like [&hellip;]<\/p>\n","protected":false},"author":1,"featured_media":5875,"parent":0,"menu_order":21,"comment_status":"closed","ping_status":"closed","template":"","meta":{"_acf_changed":false,"inline_featured_image":false,"footnotes":""},"class_list":["post-747","page","type-page","status-publish","has-post-thumbnail","hentry"],"acf":[],"_links":{"self":[{"href":"https:\/\/www.bio-uv.com\/en\/wp-json\/wp\/v2\/pages\/747","targetHints":{"allow":["GET"]}}],"collection":[{"href":"https:\/\/www.bio-uv.com\/en\/wp-json\/wp\/v2\/pages"}],"about":[{"href":"https:\/\/www.bio-uv.com\/en\/wp-json\/wp\/v2\/types\/page"}],"author":[{"embeddable":true,"href":"https:\/\/www.bio-uv.com\/en\/wp-json\/wp\/v2\/users\/1"}],"replies":[{"embeddable":true,"href":"https:\/\/www.bio-uv.com\/en\/wp-json\/wp\/v2\/comments?post=747"}],"version-history":[{"count":15,"href":"https:\/\/www.bio-uv.com\/en\/wp-json\/wp\/v2\/pages\/747\/revisions"}],"predecessor-version":[{"id":10211,"href":"https:\/\/www.bio-uv.com\/en\/wp-json\/wp\/v2\/pages\/747\/revisions\/10211"}],"wp:featuredmedia":[{"embeddable":true,"href":"https:\/\/www.bio-uv.com\/en\/wp-json\/wp\/v2\/media\/5875"}],"wp:attachment":[{"href":"https:\/\/www.bio-uv.com\/en\/wp-json\/wp\/v2\/media?parent=747"}],"curies":[{"name":"wp","href":"https:\/\/api.w.org\/{rel}","templated":true}]}}