{"id":6514,"date":"2021-06-23T11:19:31","date_gmt":"2021-06-23T09:19:31","guid":{"rendered":"https:\/\/www.bio-uv.com\/calendriers-financiers\/"},"modified":"2026-01-22T16:20:07","modified_gmt":"2026-01-22T15:20:07","slug":"financial-calendars","status":"publish","type":"page","link":"https:\/\/www.bio-uv.com\/en\/financial-calendars\/","title":{"rendered":"Financial calendars"},"content":{"rendered":"<section class=\"ps-block ps-block--heading js-in-view is-animated\">\n  <div class=\"ps-block__container\">\n    <div class=\"ps-block__grid\">\n      <div class=\"ps-block__content\">\n        <div class=\"ps-block__body\">\n          <div class=\"ps-block__item\">\n            \n<h2 class=\"wp-block-heading\">Find all BIO-UV Group financial publications deadlines<\/h2>\n\n          <\/div>\n        <\/div>\n      <\/div>\n    <\/div>\n  <\/div>\n<\/section>\n\n\n<section class=\"ps-block ps-block--table js-in-view is-animated\">\n  <div class=\"ps-block__container\">\n    <div class=\"ps-block__grid\">\n      <div class=\"ps-block__content\">\n        \n<figure class=\"wp-block-table is-style-regular\"><table class=\"has-fixed-layout\"><thead><tr><th class=\"has-text-align-left\" data-align=\"left\"><strong>Publications<\/strong><\/th><th class=\"has-text-align-center\" data-align=\"center\">Dates<\/th><\/tr><\/thead><tbody><tr><td class=\"has-text-align-left\" data-align=\"left\">2025 annuel turnover<\/td><td class=\"has-text-align-center\" data-align=\"center\">January 22nd 2026<\/td><\/tr><tr><td class=\"has-text-align-left\" data-align=\"left\">2025 annual results<\/td><td class=\"has-text-align-center\" data-align=\"center\">April 8th 2026<\/td><\/tr><tr><td class=\"has-text-align-left\" data-align=\"left\">2026 1st semester turnover<\/td><td class=\"has-text-align-center\" data-align=\"center\">July 22nd 2026<\/td><\/tr><tr><td class=\"has-text-align-left\" data-align=\"left\">2026 semestrials results<\/td><td class=\"has-text-align-center\" data-align=\"center\">September 18th 2026<\/td><\/tr><tr><td class=\"has-text-align-left\" data-align=\"left\">2026 annual turnover <\/td><td class=\"has-text-align-center\" data-align=\"center\">January 21nd 2027<\/td><\/tr><\/tbody><\/table><\/figure>\n\n      <\/div>\n    <\/div>\n  <\/div>\n<\/section>\n\n\n<section class=\"ps-block ps-block--internal-links js-in-view is-animated\">\n  <div class=\"ps-block__container\">\n    <div class=\"ps-block__grid\">\n      <div class=\"ps-block__content\">\n        <div class=\"ps-block__body\">\n                                <h3 class=\"ps-block__title\">Investors section<\/h3>\n                              <nav class=\"pages\">\n            <ul class=\"pages__list\">\n                                \n<li class=\"pages__item\">\n  <a href=\"https:\/\/www.bio-uv.com\/en\/financial-releases\/\" class=\"card card--small\">\n          <div class=\"card__thumb\">\n        <figure class=\"card__thumb \" itemprop=\"associatedMedia\" itemscope itemtype=\"http:\/\/schema.org\/ImageObject\">\n  <img loading=\"lazy\" decoding=\"async\" src=\"https:\/\/www.bio-uv.com\/app\/uploads\/2021\/09\/Documents-financiers-BIO-UV-Group-1280x640.jpg\"\n      srcset=\"https:\/\/www.bio-uv.com\/app\/uploads\/2021\/09\/Documents-financiers-BIO-UV-Group-1280x640.jpg 1920w\"\n      sizes=\"auto, \"\n      alt=\"Documents financiers BIO-UV Group\"\n      itemprop=\"thumbnail\"\n      width=\"1920\"\n      height=\"640\"\n  >\n  <\/figure>\n      <\/div>\n        <div class=\"card__content\">\n              <div class=\"card__heading\">\n          <span class=\"card__title\">Financial releases<\/span>\n        <\/div>\n          <\/div>\n  <\/a>\n<\/li>\n                                \n<li class=\"pages__item\">\n  <a href=\"https:\/\/www.bio-uv.com\/en\/financial-documents\/\" class=\"card card--small\">\n          <div class=\"card__thumb\">\n        <figure class=\"card__thumb \" itemprop=\"associatedMedia\" itemscope itemtype=\"http:\/\/schema.org\/ImageObject\">\n  <img loading=\"lazy\" decoding=\"async\" src=\"https:\/\/www.bio-uv.com\/app\/uploads\/2021\/09\/Communiques-financiers-BIO-UV-Group-1280x640.jpg\"\n      srcset=\"https:\/\/www.bio-uv.com\/app\/uploads\/2021\/09\/Communiques-financiers-BIO-UV-Group-1280x640.jpg 1920w\"\n      sizes=\"auto, \"\n      alt=\"Communiqu\u00e9s financiers BIO-UV Group\"\n      itemprop=\"thumbnail\"\n      width=\"1920\"\n      height=\"640\"\n  >\n  <\/figure>\n      <\/div>\n        <div class=\"card__content\">\n              <div class=\"card__heading\">\n          <span class=\"card__title\">Financial documents<\/span>\n        <\/div>\n          <\/div>\n  <\/a>\n<\/li>\n                                \n<li class=\"pages__item\">\n  <a href=\"https:\/\/www.bio-uv.com\/en\/general-assembly\/\" class=\"card card--small\">\n          <div class=\"card__thumb\">\n        <figure class=\"card__thumb \" itemprop=\"associatedMedia\" itemscope itemtype=\"http:\/\/schema.org\/ImageObject\">\n  <img loading=\"lazy\" decoding=\"async\" src=\"https:\/\/www.bio-uv.com\/app\/uploads\/2021\/10\/Assemblees-Generales-de-BIO-UV-1280x640.jpg\"\n      srcset=\"https:\/\/www.bio-uv.com\/app\/uploads\/2021\/10\/Assemblees-Generales-de-BIO-UV-1280x640.jpg 1920w\"\n      sizes=\"auto, \"\n      alt=\"Assembl\u00e9es G\u00e9n\u00e9rales de BIO-UV\"\n      itemprop=\"thumbnail\"\n      width=\"1920\"\n      height=\"640\"\n  >\n  <\/figure>\n      <\/div>\n        <div class=\"card__content\">\n              <div class=\"card__heading\">\n          <span class=\"card__title\">BIO-UV Group General Meetings<\/span>\n        <\/div>\n          <\/div>\n  <\/a>\n<\/li>\n                          <\/ul>\n          <\/nav>\n        <\/div>\n      <\/div>\n    <\/div>\n  <\/div>\n<\/section>\n","protected":false},"excerpt":{"rendered":"<p>Find all BIO-UV Group financial publications deadlines Publications Dates 2025 annuel turnover January 22nd 2026 2025 annual results April 8th 2026 2026 1st semester turnover July 22nd 2026 2026 semestrials results September 18th 2026 2026 annual turnover January 21nd 2027<\/p>\n","protected":false},"author":1,"featured_media":5870,"parent":0,"menu_order":19,"comment_status":"closed","ping_status":"closed","template":"","meta":{"_acf_changed":false,"inline_featured_image":false,"footnotes":""},"class_list":["post-6514","page","type-page","status-publish","has-post-thumbnail","hentry"],"acf":[],"_links":{"self":[{"href":"https:\/\/www.bio-uv.com\/en\/wp-json\/wp\/v2\/pages\/6514","targetHints":{"allow":["GET"]}}],"collection":[{"href":"https:\/\/www.bio-uv.com\/en\/wp-json\/wp\/v2\/pages"}],"about":[{"href":"https:\/\/www.bio-uv.com\/en\/wp-json\/wp\/v2\/types\/page"}],"author":[{"embeddable":true,"href":"https:\/\/www.bio-uv.com\/en\/wp-json\/wp\/v2\/users\/1"}],"replies":[{"embeddable":true,"href":"https:\/\/www.bio-uv.com\/en\/wp-json\/wp\/v2\/comments?post=6514"}],"version-history":[{"count":25,"href":"https:\/\/www.bio-uv.com\/en\/wp-json\/wp\/v2\/pages\/6514\/revisions"}],"predecessor-version":[{"id":16660,"href":"https:\/\/www.bio-uv.com\/en\/wp-json\/wp\/v2\/pages\/6514\/revisions\/16660"}],"wp:featuredmedia":[{"embeddable":true,"href":"https:\/\/www.bio-uv.com\/en\/wp-json\/wp\/v2\/media\/5870"}],"wp:attachment":[{"href":"https:\/\/www.bio-uv.com\/en\/wp-json\/wp\/v2\/media?parent=6514"}],"curies":[{"name":"wp","href":"https:\/\/api.w.org\/{rel}","templated":true}]}}